{"id":741,"date":"2016-12-05T14:25:20","date_gmt":"2016-12-05T14:25:20","guid":{"rendered":"http:\/\/kamleshyadav.in\/wp\/wedding-services\/bridalmakeup\/?page_id=12"},"modified":"2024-09-21T18:53:27","modified_gmt":"2024-09-21T18:53:27","slug":"services","status":"publish","type":"page","link":"https:\/\/topselfie.hu\/?page_id=741","title":{"rendered":"Services"},"content":{"rendered":"\t\t<div data-elementor-type=\"wp-page\" data-elementor-id=\"741\" class=\"elementor elementor-741\">\n\t\t\t\t\t\t\t\t\t<section class=\"elementor-section elementor-top-section elementor-element elementor-element-e182be4 elementor-section-boxed elementor-section-height-default elementor-section-height-default\" data-id=\"e182be4\" data-element_type=\"section\">\n\t\t\t\t\t\t<div class=\"elementor-container elementor-column-gap-default\">\n\t\t\t\t\t<div class=\"elementor-column elementor-col-100 elementor-top-column elementor-element elementor-element-87bff77\" data-id=\"87bff77\" data-element_type=\"column\">\n\t\t\t<div class=\"elementor-widget-wrap elementor-element-populated\">\n\t\t\t\t\t\t\t\t<div class=\"elementor-element elementor-element-4119cc4 elementor-widget elementor-widget-wds_heading\" data-id=\"4119cc4\" data-element_type=\"widget\" data-widget_type=\"wds_heading.default\">\n\t\t\t\t<div class=\"elementor-widget-container\">\n\t\t\t \n        <div class=\"wds_heading-wrapper style_one wds_heading-align-center\" id=\"wds_heading-4119cc4\">\n            <div class=\"wds_heading-inner\">\n            <h1 class=\"wds_sub_heading\">Csomagjaink<\/h1><p class=\"wds_content_c\"><p>Amennyiben a csomagaj\u00e1nlatainkt\u00f3l elt\u00e9r\u0151 ig\u00e9ny mer\u00fclne fel keress minket bizalommal \u00e9s azon lesz\u00fcnk, hogy megoldjuk.<\/p><\/p>            <\/div>\n        <\/div>\n        \t\t<\/div>\n\t\t\t\t<\/div>\n\t\t\t\t<section class=\"elementor-section elementor-inner-section elementor-element elementor-element-1b9273b elementor-section-boxed elementor-section-height-default elementor-section-height-default\" data-id=\"1b9273b\" data-element_type=\"section\">\n\t\t\t\t\t\t<div class=\"elementor-container elementor-column-gap-default\">\n\t\t\t\t\t<div class=\"elementor-column elementor-col-33 elementor-inner-column elementor-element elementor-element-18edac8 animated-slow elementor-invisible\" data-id=\"18edac8\" data-element_type=\"column\" data-settings=\"{&quot;animation&quot;:&quot;fadeIn&quot;}\">\n\t\t\t<div class=\"elementor-widget-wrap elementor-element-populated\">\n\t\t\t\t\t\t\t\t<div class=\"elementor-element elementor-element-9bbb1f3 elementor-widget__width-initial animated-slow elementor-invisible elementor-widget elementor-widget-Wds_pricing\" data-id=\"9bbb1f3\" data-element_type=\"widget\" data-settings=\"{&quot;_animation&quot;:&quot;fadeIn&quot;}\" data-widget_type=\"Wds_pricing.default\">\n\t\t\t\t<div class=\"elementor-widget-container\">\n\t\t\t<div class=\"Wds_pricing-wrapper\" id=\"Wds_pricing-9bbb1f3\" >\n            <div class=\"wds_pricing_box\">\n                <div class=\"wds_pricing_header\">\n                    <div class=\"wds_pricing_img\"><img decoding=\"async\" src=\"https:\/\/topselfie.hu\/wp-content\/uploads\/2024\/08\/33.png\" alt=\"Basic csomag\"><\/div>\n                    <div class=\"wds_pricing_tittle\"><h3>Basic csomag<\/h3><\/div><\/div>\n                <div class=\"wds_pricing_body\">\n                    <ul><li>- 3 \u00f3ra lelkes rendelkez\u00e9sre \u00e1ll\u00e1s<\/li><li>- Korl\u00e1tlan fot\u00f3nyomtat\u00e1s<\/li><li>- Tematikus h\u00e1tterek \u00e9s kieg\u00e9sz\u00edt\u0151k<\/li><li>- Egyedi digit\u00e1lis keret az alkalomra<\/li><li>- \u00d6sszes k\u00e9p tov\u00e1bb\u00edt\u00e1sa digit\u00e1lisan<\/li><\/ul>\n\t\t\t\t<\/div>\n\t\t\t\t<div class=\"wds_pricing_footer\">\n\t\t\t\t    <div class=\"wds_pricing_price\">\n\t\t\t\t        <h2>\n\t\t\t\t            <span class=\"wds_pricing_symbol\"><\/span>\n\t\t\t\t            <span class=\"wds_pricing_rate\">85 000 Ft<\/span> \n\t\t\t\t            <span class=\"wds_pricing_time\"><\/span>\n\t\t\t\t        <\/h2>\n\t\t\t\t    <\/div>\n\t\t\t\t    <a href=\"https:\/\/topselfie.hu\/?page_id=495\" target=\"_blank\">Buy Now<\/a>\n\t\t\t\t<\/div>\n            <\/div>\n        <\/div>\t\t<\/div>\n\t\t\t\t<\/div>\n\t\t\t\t\t<\/div>\n\t\t<\/div>\n\t\t\t\t<div class=\"elementor-column elementor-col-33 elementor-inner-column elementor-element elementor-element-b4ff606\" data-id=\"b4ff606\" data-element_type=\"column\">\n\t\t\t<div class=\"elementor-widget-wrap elementor-element-populated\">\n\t\t\t\t\t\t\t\t<div class=\"elementor-element elementor-element-8bc7634 animated-slow elementor-invisible elementor-widget elementor-widget-Wds_pricing\" data-id=\"8bc7634\" data-element_type=\"widget\" data-settings=\"{&quot;_animation&quot;:&quot;fadeIn&quot;}\" data-widget_type=\"Wds_pricing.default\">\n\t\t\t\t<div class=\"elementor-widget-container\">\n\t\t\t<div class=\"Wds_pricing-wrapper\" id=\"Wds_pricing-8bc7634\" >\n            <div class=\"wds_pricing_box\">\n                <div class=\"wds_pricing_header\">\n                    <div class=\"wds_pricing_img\"><img decoding=\"async\" src=\"https:\/\/topselfie.hu\/wp-content\/uploads\/2024\/08\/44.png\" alt=\"Normal csomag\"><\/div>\n                    <div class=\"wds_pricing_tittle\"><h3>Normal csomag<\/h3><\/div><\/div>\n                <div class=\"wds_pricing_body\">\n                    <ul><li>- 4 \u00f3ra lelkes rendelkez\u00e9sre \u00e1ll\u00e1s<\/li><li>- Korl\u00e1tlan fot\u00f3nyomtat\u00e1s<\/li><li>- Tematikus h\u00e1tterek \u00e9s kieg\u00e9sz\u00edt\u0151k<\/li><li>- Egyedi digit\u00e1lis keret az alkalomra<\/li><li>- \u00d6sszes k\u00e9p tov\u00e1bb\u00edt\u00e1sa digit\u00e1lisan<\/li><\/ul>\n\t\t\t\t<\/div>\n\t\t\t\t<div class=\"wds_pricing_footer\">\n\t\t\t\t    <div class=\"wds_pricing_price\">\n\t\t\t\t        <h2>\n\t\t\t\t            <span class=\"wds_pricing_symbol\"><\/span>\n\t\t\t\t            <span class=\"wds_pricing_rate\">100 000 Ft<\/span> \n\t\t\t\t            <span class=\"wds_pricing_time\"><\/span>\n\t\t\t\t        <\/h2>\n\t\t\t\t    <\/div>\n\t\t\t\t    <a href=\"https:\/\/topselfie.hu\/?page_id=495\" target=\"_blank\">Buy Now<\/a>\n\t\t\t\t<\/div>\n            <\/div>\n        <\/div>\t\t<\/div>\n\t\t\t\t<\/div>\n\t\t\t\t\t<\/div>\n\t\t<\/div>\n\t\t\t\t<div class=\"elementor-column elementor-col-33 elementor-inner-column elementor-element elementor-element-b502cf1\" data-id=\"b502cf1\" data-element_type=\"column\">\n\t\t\t<div class=\"elementor-widget-wrap elementor-element-populated\">\n\t\t\t\t\t\t\t\t<div class=\"elementor-element elementor-element-11a2f65 animated-slow elementor-invisible elementor-widget elementor-widget-Wds_pricing\" data-id=\"11a2f65\" data-element_type=\"widget\" data-settings=\"{&quot;_animation&quot;:&quot;fadeIn&quot;}\" data-widget_type=\"Wds_pricing.default\">\n\t\t\t\t<div class=\"elementor-widget-container\">\n\t\t\t<div class=\"Wds_pricing-wrapper\" id=\"Wds_pricing-11a2f65\" >\n            <div class=\"wds_pricing_box\">\n                <div class=\"wds_pricing_header\">\n                    <div class=\"wds_pricing_img\"><img decoding=\"async\" src=\"https:\/\/topselfie.hu\/wp-content\/uploads\/2024\/08\/55.png\" alt=\"Luxury csomag\"><\/div>\n                    <div class=\"wds_pricing_tittle\"><h3>Luxury csomag<\/h3><\/div><\/div>\n                <div class=\"wds_pricing_body\">\n                    <ul><li>- 5 \u00f3ra lelkes rendelkez\u00e9sre \u00e1ll\u00e1s<\/li><li>- Korl\u00e1ltlan fot\u00f3nyomtat\u00e1s<\/li><li>- Tematikus h\u00e1tterek \u00e9s kieg\u00e9sz\u00edt\u0151k<\/li><li>- Egyedi digit\u00e1lis keret az alkalomra<\/li><li>- \u00d6sszes k\u00e9p tov\u00e1bb\u00edt\u00e1sa digit\u00e1lisan<\/li><\/ul>\n\t\t\t\t<\/div>\n\t\t\t\t<div class=\"wds_pricing_footer\">\n\t\t\t\t    <div class=\"wds_pricing_price\">\n\t\t\t\t        <h2>\n\t\t\t\t            <span class=\"wds_pricing_symbol\"><\/span>\n\t\t\t\t            <span class=\"wds_pricing_rate\">120 000 Ft<\/span> \n\t\t\t\t            <span class=\"wds_pricing_time\"><\/span>\n\t\t\t\t        <\/h2>\n\t\t\t\t    <\/div>\n\t\t\t\t    <a href=\"https:\/\/topselfie.hu\/?page_id=495\" target=\"_blank\">Buy Now<\/a>\n\t\t\t\t<\/div>\n            <\/div>\n        <\/div>\t\t<\/div>\n\t\t\t\t<\/div>\n\t\t\t\t\t<\/div>\n\t\t<\/div>\n\t\t\t\t\t\t\t<\/div>\n\t\t<\/section>\n\t\t\t\t\t<\/div>\n\t\t<\/div>\n\t\t\t\t\t\t\t<\/div>\n\t\t<\/section>\n\t\t\t\t<section class=\"elementor-section elementor-top-section elementor-element elementor-element-26a5f812 elementor-section-boxed elementor-section-height-default elementor-section-height-default\" data-id=\"26a5f812\" data-element_type=\"section\">\n\t\t\t\t\t\t<div class=\"elementor-container elementor-column-gap-default\">\n\t\t\t\t\t<div class=\"elementor-column elementor-col-100 elementor-top-column elementor-element elementor-element-1fc35c40\" data-id=\"1fc35c40\" data-element_type=\"column\">\n\t\t\t<div class=\"elementor-widget-wrap elementor-element-populated\">\n\t\t\t\t\t\t\t\t<div class=\"elementor-element elementor-element-157dd977 elementor-widget elementor-widget-wds_heading\" data-id=\"157dd977\" data-element_type=\"widget\" data-widget_type=\"wds_heading.default\">\n\t\t\t\t<div class=\"elementor-widget-container\">\n\t\t\t \n        <div class=\"wds_heading-wrapper style_one wds_heading-align-center\" id=\"wds_heading-157dd977\">\n            <div class=\"wds_heading-inner\">\n            <h1 class=\"wds_sub_heading\">Az \u00e9v minden szakasz\u00e1ban folyamatosan k\u00fcl\u00f6nb\u00f6z\u0151 akci\u00f3kkal kedvesked\u00fcnk, az aktu\u00e1lis kedvezm\u00e9nyek\u00e9rt l\u00e1togass el Facebook oldalunkra vagy \u00e9rdekl\u0151dj \u00fczenetben.<\/h1><p class=\"wds_content_c\"><div class=\"xdj266r x11i5rnm xat24cr x1mh8g0r x1vvkbs x126k92a\"><div dir=\"auto\"><span class=\"html-span xexx8yu x4uap5 x18d9i69 xkhd6sd x1hl2dhg x16tdsg8 x1vvkbs x3nfvp2 x1j61x8r x1fcty0u xdj266r xat24cr xgzva0m xhhsvwb xxymvpz xlup9mm x1kky2od\"><img decoding=\"async\" class=\"xz74otr\" src=\"https:\/\/static.xx.fbcdn.net\/images\/emoji.php\/v9\/tde\/1\/16\/1f4f8.png\" alt=\"\ud83d\udcf8\" width=\"16\" height=\"16\" \/><\/span> Foglalj Selfie Boxot id\u00e9n, \u00e9s aj\u00e1nd\u00e9kba kapsz egy telefonos vend\u00e9gk\u00f6nyv csomagot is! <span class=\"html-span xexx8yu x4uap5 x18d9i69 xkhd6sd x1hl2dhg x16tdsg8 x1vvkbs x3nfvp2 x1j61x8r x1fcty0u xdj266r xat24cr xgzva0m xhhsvwb xxymvpz xlup9mm x1kky2od\"><img decoding=\"async\" class=\"xz74otr\" src=\"https:\/\/static.xx.fbcdn.net\/images\/emoji.php\/v9\/t84\/1\/16\/1f381.png\" alt=\"\ud83c\udf81\" width=\"16\" height=\"16\" \/><\/span><\/div><\/div><div class=\"x11i5rnm xat24cr x1mh8g0r x1vvkbs xtlvy1s x126k92a\"><div dir=\"auto\">Szeretn\u00e9d, hogy a vend\u00e9geid eml\u00e9kezetes \u00fczeneteket hagyjanak sz\u00e1modra az esem\u00e9nyen? A telefonos vend\u00e9gk\u00f6nyv ezt most lehet\u0151v\u00e9 teszi! <span class=\"html-span xexx8yu x4uap5 x18d9i69 xkhd6sd x1hl2dhg x16tdsg8 x1vvkbs x3nfvp2 x1j61x8r x1fcty0u xdj266r xat24cr xgzva0m xhhsvwb xxymvpz xlup9mm x1kky2od\"><img decoding=\"async\" class=\"xz74otr\" src=\"https:\/\/static.xx.fbcdn.net\/images\/emoji.php\/v9\/t7e\/1\/16\/1f3a4.png\" alt=\"\ud83c\udfa4\" width=\"16\" height=\"16\" \/><\/span><span class=\"html-span xexx8yu x4uap5 x18d9i69 xkhd6sd x1hl2dhg x16tdsg8 x1vvkbs x3nfvp2 x1j61x8r x1fcty0u xdj266r xat24cr xgzva0m xhhsvwb xxymvpz xlup9mm x1kky2od\"><img loading=\"lazy\" decoding=\"async\" class=\"xz74otr\" src=\"https:\/\/static.xx.fbcdn.net\/images\/emoji.php\/v9\/t57\/1\/16\/1f4f1.png\" alt=\"\ud83d\udcf1\" width=\"16\" height=\"16\" \/><\/span><\/div><\/div><div class=\"x11i5rnm xat24cr x1mh8g0r x1vvkbs xtlvy1s x126k92a\"><div dir=\"auto\"><span class=\"html-span xexx8yu x4uap5 x18d9i69 xkhd6sd x1hl2dhg x16tdsg8 x1vvkbs x3nfvp2 x1j61x8r x1fcty0u xdj266r xat24cr xgzva0m xhhsvwb xxymvpz xlup9mm x1kky2od\"><img loading=\"lazy\" decoding=\"async\" class=\"xz74otr\" src=\"https:\/\/static.xx.fbcdn.net\/images\/emoji.php\/v9\/t72\/1\/16\/1f538.png\" alt=\"\ud83d\udd38\" width=\"16\" height=\"16\" \/><\/span> Hogyan m\u0171k\u00f6dik?<\/div><div dir=\"auto\">1. <span class=\"html-span xexx8yu x4uap5 x18d9i69 xkhd6sd x1hl2dhg x16tdsg8 x1vvkbs x3nfvp2 x1j61x8r x1fcty0u xdj266r xat24cr xgzva0m xhhsvwb xxymvpz xlup9mm x1kky2od\"><img loading=\"lazy\" decoding=\"async\" class=\"xz74otr\" src=\"https:\/\/static.xx.fbcdn.net\/images\/emoji.php\/v9\/t4d\/1\/16\/1f4de.png\" alt=\"\ud83d\udcde\" width=\"16\" height=\"16\" \/><\/span>Emeld a f\u00fcledhez a telefont.<\/div><div dir=\"auto\">2. <span class=\"html-span xexx8yu x4uap5 x18d9i69 xkhd6sd x1hl2dhg x16tdsg8 x1vvkbs x3nfvp2 x1j61x8r x1fcty0u xdj266r xat24cr xgzva0m xhhsvwb xxymvpz xlup9mm x1kky2od\"><img loading=\"lazy\" decoding=\"async\" class=\"xz74otr\" src=\"https:\/\/static.xx.fbcdn.net\/images\/emoji.php\/v9\/t1\/1\/16\/1f3a7.png\" alt=\"\ud83c\udfa7\" width=\"16\" height=\"16\" \/><\/span> Hallgasd meg a szem\u00e9lyes k\u00f6sz\u00f6nt\u0151 \u00fczenet\u00fcket.<\/div><div dir=\"auto\">3. <span class=\"html-span xexx8yu x4uap5 x18d9i69 xkhd6sd x1hl2dhg x16tdsg8 x1vvkbs x3nfvp2 x1j61x8r x1fcty0u xdj266r xat24cr xgzva0m xhhsvwb xxymvpz xlup9mm x1kky2od\"><img loading=\"lazy\" decoding=\"async\" class=\"xz74otr\" src=\"https:\/\/static.xx.fbcdn.net\/images\/emoji.php\/v9\/t2b\/1\/16\/1f399.png\" alt=\"\ud83c\udf99\ufe0f\" width=\"16\" height=\"16\" \/><\/span> A s\u00edpsz\u00f3 ut\u00e1n hagyj egy saj\u00e1t vicces vagy sz\u00edvhez sz\u00f3l\u00f3 \u00fczenetet!<\/div><div dir=\"auto\">4. <span class=\"html-span xexx8yu x4uap5 x18d9i69 xkhd6sd x1hl2dhg x16tdsg8 x1vvkbs x3nfvp2 x1j61x8r x1fcty0u xdj266r xat24cr xgzva0m xhhsvwb xxymvpz xlup9mm x1kky2od\"><img decoding=\"async\" class=\"xz74otr\" src=\"https:\/\/static.xx.fbcdn.net\/images\/emoji.php\/v9\/t84\/1\/16\/1f381.png\" alt=\"\ud83c\udf81\" width=\"16\" height=\"16\" \/><\/span> Az esem\u00e9ny ut\u00e1n megkapj\u00e1k ezeket az \u00fczeneteket, \u00e9s b\u00e1rmikor visszahallgathatj\u00e1k.<\/div><\/div><div class=\"x11i5rnm xat24cr x1mh8g0r x1vvkbs xtlvy1s x126k92a\"><div dir=\"auto\">Tedd m\u00e9g k\u00fcl\u00f6nlegesebb\u00e9 az esem\u00e9nyedet ezzel az egyedi \u00e9lm\u00e9nnyel! <span class=\"html-span xexx8yu x4uap5 x18d9i69 xkhd6sd x1hl2dhg x16tdsg8 x1vvkbs x3nfvp2 x1j61x8r x1fcty0u xdj266r xat24cr xgzva0m xhhsvwb xxymvpz xlup9mm x1kky2od\"><img loading=\"lazy\" decoding=\"async\" class=\"xz74otr\" src=\"https:\/\/static.xx.fbcdn.net\/images\/emoji.php\/v9\/t8c\/1\/16\/1f389.png\" alt=\"\ud83c\udf89\" width=\"16\" height=\"16\" \/><\/span> Ne hagyd ki, foglalj most! <span class=\"html-span xexx8yu x4uap5 x18d9i69 xkhd6sd x1hl2dhg x16tdsg8 x1vvkbs x3nfvp2 x1j61x8r x1fcty0u xdj266r xat24cr xgzva0m xhhsvwb xxymvpz xlup9mm x1kky2od\"><img loading=\"lazy\" decoding=\"async\" class=\"xz74otr\" src=\"https:\/\/static.xx.fbcdn.net\/images\/emoji.php\/v9\/t7e\/1\/16\/1f4c5.png\" alt=\"\ud83d\udcc5\" width=\"16\" height=\"16\" \/><\/span><\/div><\/div><\/p>            <\/div>\n        <\/div>\n        \t\t<\/div>\n\t\t\t\t<\/div>\n\t\t\t\t\t<\/div>\n\t\t<\/div>\n\t\t\t\t\t\t\t<\/div>\n\t\t<\/section>\n\t\t\t\t\t\t\t<\/div>\n\t\t","protected":false},"excerpt":{"rendered":"<p>Csomagjaink Amennyiben a csomagaj\u00e1nlatainkt\u00f3l elt\u00e9r\u0151 ig\u00e9ny mer\u00fclne fel keress minket bizalommal \u00e9s azon lesz\u00fcnk, hogy megoldjuk. Basic csomag &#8211; 3 \u00f3ra lelkes rendelkez\u00e9sre \u00e1ll\u00e1s &#8211; Korl\u00e1tlan fot\u00f3nyomtat\u00e1s &#8211; Tematikus h\u00e1tterek \u00e9s kieg\u00e9sz\u00edt\u0151k &#8211; Egyedi digit\u00e1lis keret az alkalomra &#8211; \u00d6sszes [&hellip;]<\/p>\n","protected":false},"author":1,"featured_media":0,"parent":0,"menu_order":0,"comment_status":"closed","ping_status":"closed","template":"","meta":{"_glsr_average":0,"_glsr_ranking":0,"_glsr_reviews":0,"footnotes":""},"class_list":["post-741","page","type-page","status-publish","hentry"],"yoast_head":"<!-- This site is optimized with the Yoast SEO plugin v25.4 - https:\/\/yoast.com\/wordpress\/plugins\/seo\/ -->\n<title>Services - TopSelfie.hu<\/title>\n<meta name=\"robots\" content=\"index, follow, max-snippet:-1, max-image-preview:large, max-video-preview:-1\" \/>\n<link rel=\"canonical\" href=\"https:\/\/topselfie.hu\/?page_id=741\" \/>\n<meta property=\"og:locale\" content=\"en_US\" \/>\n<meta property=\"og:type\" content=\"article\" \/>\n<meta property=\"og:title\" content=\"Services - TopSelfie.hu\" \/>\n<meta property=\"og:description\" content=\"Csomagjaink Amennyiben a csomagaj\u00e1nlatainkt\u00f3l elt\u00e9r\u0151 ig\u00e9ny mer\u00fclne fel keress minket bizalommal \u00e9s azon lesz\u00fcnk, hogy megoldjuk. Basic csomag &#8211; 3 \u00f3ra lelkes rendelkez\u00e9sre \u00e1ll\u00e1s &#8211; Korl\u00e1tlan fot\u00f3nyomtat\u00e1s &#8211; Tematikus h\u00e1tterek \u00e9s kieg\u00e9sz\u00edt\u0151k &#8211; Egyedi digit\u00e1lis keret az alkalomra &#8211; \u00d6sszes [&hellip;]\" \/>\n<meta property=\"og:url\" content=\"https:\/\/topselfie.hu\/?page_id=741\" \/>\n<meta property=\"og:site_name\" content=\"TopSelfie.hu\" \/>\n<meta property=\"article:publisher\" content=\"https:\/\/www.facebook.com\/profile.php?id=61555876455351\" \/>\n<meta property=\"article:modified_time\" content=\"2024-09-21T18:53:27+00:00\" \/>\n<meta property=\"og:image\" content=\"https:\/\/topselfie.hu\/wp-content\/uploads\/2024\/08\/33.png\" \/>\n<meta name=\"twitter:card\" content=\"summary_large_image\" \/>\n<meta name=\"twitter:label1\" content=\"Est. reading time\" \/>\n\t<meta name=\"twitter:data1\" content=\"1 minute\" \/>\n<script type=\"application\/ld+json\" class=\"yoast-schema-graph\">{\"@context\":\"https:\/\/schema.org\",\"@graph\":[{\"@type\":\"WebPage\",\"@id\":\"https:\/\/topselfie.hu\/?page_id=741\",\"url\":\"https:\/\/topselfie.hu\/?page_id=741\",\"name\":\"Services - TopSelfie.hu\",\"isPartOf\":{\"@id\":\"https:\/\/topselfie.hu\/#website\"},\"primaryImageOfPage\":{\"@id\":\"https:\/\/topselfie.hu\/?page_id=741#primaryimage\"},\"image\":{\"@id\":\"https:\/\/topselfie.hu\/?page_id=741#primaryimage\"},\"thumbnailUrl\":\"https:\/\/topselfie.hu\/wp-content\/uploads\/2024\/08\/33.png\",\"datePublished\":\"2016-12-05T14:25:20+00:00\",\"dateModified\":\"2024-09-21T18:53:27+00:00\",\"breadcrumb\":{\"@id\":\"https:\/\/topselfie.hu\/?page_id=741#breadcrumb\"},\"inLanguage\":\"en-US\",\"potentialAction\":[{\"@type\":\"ReadAction\",\"target\":[\"https:\/\/topselfie.hu\/?page_id=741\"]}]},{\"@type\":\"ImageObject\",\"inLanguage\":\"en-US\",\"@id\":\"https:\/\/topselfie.hu\/?page_id=741#primaryimage\",\"url\":\"https:\/\/topselfie.hu\/wp-content\/uploads\/2024\/08\/33.png\",\"contentUrl\":\"https:\/\/topselfie.hu\/wp-content\/uploads\/2024\/08\/33.png\",\"width\":65,\"height\":65},{\"@type\":\"BreadcrumbList\",\"@id\":\"https:\/\/topselfie.hu\/?page_id=741#breadcrumb\",\"itemListElement\":[{\"@type\":\"ListItem\",\"position\":1,\"name\":\"Home\",\"item\":\"https:\/\/topselfie.hu\/\"},{\"@type\":\"ListItem\",\"position\":2,\"name\":\"Services\"}]},{\"@type\":\"WebSite\",\"@id\":\"https:\/\/topselfie.hu\/#website\",\"url\":\"https:\/\/topselfie.hu\/\",\"name\":\"TopSelfie.hu\",\"description\":\"Selfie box neked\",\"publisher\":{\"@id\":\"https:\/\/topselfie.hu\/#organization\"},\"potentialAction\":[{\"@type\":\"SearchAction\",\"target\":{\"@type\":\"EntryPoint\",\"urlTemplate\":\"https:\/\/topselfie.hu\/?s={search_term_string}\"},\"query-input\":{\"@type\":\"PropertyValueSpecification\",\"valueRequired\":true,\"valueName\":\"search_term_string\"}}],\"inLanguage\":\"en-US\"},{\"@type\":\"Organization\",\"@id\":\"https:\/\/topselfie.hu\/#organization\",\"name\":\"TopSelfie.hu\",\"url\":\"https:\/\/topselfie.hu\/\",\"logo\":{\"@type\":\"ImageObject\",\"inLanguage\":\"en-US\",\"@id\":\"https:\/\/topselfie.hu\/#\/schema\/logo\/image\/\",\"url\":\"https:\/\/topselfie.hu\/wp-content\/uploads\/2024\/08\/topselfie-logo-e1723829711656.png\",\"contentUrl\":\"https:\/\/topselfie.hu\/wp-content\/uploads\/2024\/08\/topselfie-logo-e1723829711656.png\",\"width\":300,\"height\":87,\"caption\":\"TopSelfie.hu\"},\"image\":{\"@id\":\"https:\/\/topselfie.hu\/#\/schema\/logo\/image\/\"},\"sameAs\":[\"https:\/\/www.facebook.com\/profile.php?id=61555876455351\"]}]}<\/script>\n<!-- \/ Yoast SEO plugin. -->","yoast_head_json":{"title":"Services - TopSelfie.hu","robots":{"index":"index","follow":"follow","max-snippet":"max-snippet:-1","max-image-preview":"max-image-preview:large","max-video-preview":"max-video-preview:-1"},"canonical":"https:\/\/topselfie.hu\/?page_id=741","og_locale":"en_US","og_type":"article","og_title":"Services - TopSelfie.hu","og_description":"Csomagjaink Amennyiben a csomagaj\u00e1nlatainkt\u00f3l elt\u00e9r\u0151 ig\u00e9ny mer\u00fclne fel keress minket bizalommal \u00e9s azon lesz\u00fcnk, hogy megoldjuk. Basic csomag &#8211; 3 \u00f3ra lelkes rendelkez\u00e9sre \u00e1ll\u00e1s &#8211; Korl\u00e1tlan fot\u00f3nyomtat\u00e1s &#8211; Tematikus h\u00e1tterek \u00e9s kieg\u00e9sz\u00edt\u0151k &#8211; Egyedi digit\u00e1lis keret az alkalomra &#8211; \u00d6sszes [&hellip;]","og_url":"https:\/\/topselfie.hu\/?page_id=741","og_site_name":"TopSelfie.hu","article_publisher":"https:\/\/www.facebook.com\/profile.php?id=61555876455351","article_modified_time":"2024-09-21T18:53:27+00:00","og_image":[{"url":"https:\/\/topselfie.hu\/wp-content\/uploads\/2024\/08\/33.png","type":"","width":"","height":""}],"twitter_card":"summary_large_image","twitter_misc":{"Est. reading time":"1 minute"},"schema":{"@context":"https:\/\/schema.org","@graph":[{"@type":"WebPage","@id":"https:\/\/topselfie.hu\/?page_id=741","url":"https:\/\/topselfie.hu\/?page_id=741","name":"Services - TopSelfie.hu","isPartOf":{"@id":"https:\/\/topselfie.hu\/#website"},"primaryImageOfPage":{"@id":"https:\/\/topselfie.hu\/?page_id=741#primaryimage"},"image":{"@id":"https:\/\/topselfie.hu\/?page_id=741#primaryimage"},"thumbnailUrl":"https:\/\/topselfie.hu\/wp-content\/uploads\/2024\/08\/33.png","datePublished":"2016-12-05T14:25:20+00:00","dateModified":"2024-09-21T18:53:27+00:00","breadcrumb":{"@id":"https:\/\/topselfie.hu\/?page_id=741#breadcrumb"},"inLanguage":"en-US","potentialAction":[{"@type":"ReadAction","target":["https:\/\/topselfie.hu\/?page_id=741"]}]},{"@type":"ImageObject","inLanguage":"en-US","@id":"https:\/\/topselfie.hu\/?page_id=741#primaryimage","url":"https:\/\/topselfie.hu\/wp-content\/uploads\/2024\/08\/33.png","contentUrl":"https:\/\/topselfie.hu\/wp-content\/uploads\/2024\/08\/33.png","width":65,"height":65},{"@type":"BreadcrumbList","@id":"https:\/\/topselfie.hu\/?page_id=741#breadcrumb","itemListElement":[{"@type":"ListItem","position":1,"name":"Home","item":"https:\/\/topselfie.hu\/"},{"@type":"ListItem","position":2,"name":"Services"}]},{"@type":"WebSite","@id":"https:\/\/topselfie.hu\/#website","url":"https:\/\/topselfie.hu\/","name":"TopSelfie.hu","description":"Selfie box neked","publisher":{"@id":"https:\/\/topselfie.hu\/#organization"},"potentialAction":[{"@type":"SearchAction","target":{"@type":"EntryPoint","urlTemplate":"https:\/\/topselfie.hu\/?s={search_term_string}"},"query-input":{"@type":"PropertyValueSpecification","valueRequired":true,"valueName":"search_term_string"}}],"inLanguage":"en-US"},{"@type":"Organization","@id":"https:\/\/topselfie.hu\/#organization","name":"TopSelfie.hu","url":"https:\/\/topselfie.hu\/","logo":{"@type":"ImageObject","inLanguage":"en-US","@id":"https:\/\/topselfie.hu\/#\/schema\/logo\/image\/","url":"https:\/\/topselfie.hu\/wp-content\/uploads\/2024\/08\/topselfie-logo-e1723829711656.png","contentUrl":"https:\/\/topselfie.hu\/wp-content\/uploads\/2024\/08\/topselfie-logo-e1723829711656.png","width":300,"height":87,"caption":"TopSelfie.hu"},"image":{"@id":"https:\/\/topselfie.hu\/#\/schema\/logo\/image\/"},"sameAs":["https:\/\/www.facebook.com\/profile.php?id=61555876455351"]}]}},"_links":{"self":[{"href":"https:\/\/topselfie.hu\/index.php?rest_route=\/wp\/v2\/pages\/741","targetHints":{"allow":["GET"]}}],"collection":[{"href":"https:\/\/topselfie.hu\/index.php?rest_route=\/wp\/v2\/pages"}],"about":[{"href":"https:\/\/topselfie.hu\/index.php?rest_route=\/wp\/v2\/types\/page"}],"author":[{"embeddable":true,"href":"https:\/\/topselfie.hu\/index.php?rest_route=\/wp\/v2\/users\/1"}],"replies":[{"embeddable":true,"href":"https:\/\/topselfie.hu\/index.php?rest_route=%2Fwp%2Fv2%2Fcomments&post=741"}],"version-history":[{"count":21,"href":"https:\/\/topselfie.hu\/index.php?rest_route=\/wp\/v2\/pages\/741\/revisions"}],"predecessor-version":[{"id":1167,"href":"https:\/\/topselfie.hu\/index.php?rest_route=\/wp\/v2\/pages\/741\/revisions\/1167"}],"wp:attachment":[{"href":"https:\/\/topselfie.hu\/index.php?rest_route=%2Fwp%2Fv2%2Fmedia&parent=741"}],"curies":[{"name":"wp","href":"https:\/\/api.w.org\/{rel}","templated":true}]}}